{"id":252,"date":"2025-05-05T17:35:28","date_gmt":"2025-05-05T17:35:28","guid":{"rendered":"http:\/\/www.baglicakurban.com\/index.php\/kucukbas-2\/"},"modified":"2025-05-23T14:45:17","modified_gmt":"2025-05-23T14:45:17","slug":"kucukbas-2","status":"publish","type":"page","link":"https:\/\/www.baglicakurban.com\/index.php\/kucukbas-2\/","title":{"rendered":"K\u00dc\u00c7\u00dcKBA\u015e"},"content":{"rendered":"\n\n\n\n\n\n","protected":false},"excerpt":{"rendered":"","protected":false},"author":1,"featured_media":0,"parent":0,"menu_order":0,"comment_status":"closed","ping_status":"closed","template":"","meta":{"saved_in_kubio":true,"footnotes":""},"class_list":["post-252","page","type-page","status-publish","hentry"],"kubio_ai_page_context":{"short_desc":"","purpose":"general"},"_links":{"self":[{"href":"https:\/\/www.baglicakurban.com\/index.php\/wp-json\/wp\/v2\/pages\/252","targetHints":{"allow":["GET"]}}],"collection":[{"href":"https:\/\/www.baglicakurban.com\/index.php\/wp-json\/wp\/v2\/pages"}],"about":[{"href":"https:\/\/www.baglicakurban.com\/index.php\/wp-json\/wp\/v2\/types\/page"}],"author":[{"embeddable":true,"href":"https:\/\/www.baglicakurban.com\/index.php\/wp-json\/wp\/v2\/users\/1"}],"replies":[{"embeddable":true,"href":"https:\/\/www.baglicakurban.com\/index.php\/wp-json\/wp\/v2\/comments?post=252"}],"version-history":[{"count":26,"href":"https:\/\/www.baglicakurban.com\/index.php\/wp-json\/wp\/v2\/pages\/252\/revisions"}],"predecessor-version":[{"id":626,"href":"https:\/\/www.baglicakurban.com\/index.php\/wp-json\/wp\/v2\/pages\/252\/revisions\/626"}],"wp:attachment":[{"href":"https:\/\/www.baglicakurban.com\/index.php\/wp-json\/wp\/v2\/media?parent=252"}],"curies":[{"name":"wp","href":"https:\/\/api.w.org\/{rel}","templated":true}]}}